{"id":33,"date":"2023-11-05T12:09:18","date_gmt":"2023-11-05T11:09:18","guid":{"rendered":"https:\/\/chezchris.fr\/accessibilite\/?page_id=33"},"modified":"2023-11-05T12:15:11","modified_gmt":"2023-11-05T11:15:11","slug":"contexte-juridique","status":"publish","type":"page","link":"https:\/\/chezchris.fr\/accessibilite\/contexte-juridique\/","title":{"rendered":"Contexte juridique"},"content":{"rendered":"\n<p>L&rsquo;article 47 de la loi n\u00b0 2005-102 du 11 f\u00e9vrier 2005 pour l\u2019\u00e9galit\u00e9 des droits et des chances, la participation et la citoyennet\u00e9 des personnes handicap\u00e9es, fait de l\u2019accessibilit\u00e9 une exigence pour tous les services de communication publique en ligne de l\u2019\u00c9tat, des collectivit\u00e9s territoriales et des \u00e9tablissements publics qui en d\u00e9pendent. Il stipule que les informations diffus\u00e9es par ces services doivent \u00eatre accessibles \u00e0 tous. Le R\u00e9f\u00e9rentiel G\u00e9n\u00e9ral d&rsquo;Accessibilit\u00e9 pour les Administrations (RGAA) permettra de rendre progressivement accessible l&rsquo;ensemble des informations fournies par ces services.<\/p>\n\n\n\n<figure class=\"wp-block-image size-full is-resized\"><img loading=\"lazy\" decoding=\"async\" width=\"359\" height=\"174\" src=\"https:\/\/chezchris.fr\/accessibilite\/wp-content\/uploads\/2023\/11\/loi-handicap.png\" alt=\"\" class=\"wp-image-35\" style=\"aspect-ratio:2.0632183908045976;width:347px;height:auto\" srcset=\"https:\/\/chezchris.fr\/accessibilite\/wp-content\/uploads\/2023\/11\/loi-handicap.png 359w, https:\/\/chezchris.fr\/accessibilite\/wp-content\/uploads\/2023\/11\/loi-handicap-300x145.png 300w\" sizes=\"auto, (max-width: 359px) 100vw, 359px\" \/><figcaption class=\"wp-element-caption\">Affiche loi handicap du Minist\u00e8re du travail<\/figcaption><\/figure>\n\n\n\n<p>Le d\u00e9cret n\u00b02009-546 du 14 mai 2009 (pris en application de l&rsquo;article 47 de la loi n\u00b0 2005-102 du 11 f\u00e9vrier 2005 sur l&rsquo;\u00e9galit\u00e9 des droits et des chances, la participation et la citoyennet\u00e9 des personnes handicap\u00e9es) impose une mise en \u0153uvre de l\u2019accessibilit\u00e9 dans un d\u00e9lai de deux ans (\u00e0 partir de la publication du d\u00e9cret) pour les services de communication publique en ligne de l\u2019\u00c9tat et des \u00e9tablissements publics qui en d\u00e9pendent, et de trois ans pour les services de communication publique en ligne des collectivit\u00e9s territoriales et des \u00e9tablissements publics qui en d\u00e9pendent.<\/p>\n","protected":false},"excerpt":{"rendered":"<p>L&rsquo;article 47 de la loi n\u00b0 2005-102 du 11 f\u00e9vrier 2005 pour l\u2019\u00e9galit\u00e9 des droits et des chances, la participation et la citoyennet\u00e9 des personnes handicap\u00e9es, fait de l\u2019accessibilit\u00e9 une exigence pour tous les services de communication publique en ligne de l\u2019\u00c9tat, des collectivit\u00e9s territoriales et des \u00e9tablissements publics qui en d\u00e9pendent. Il stipule que [&hellip;]<\/p>\n","protected":false},"author":1,"featured_media":0,"parent":0,"menu_order":0,"comment_status":"closed","ping_status":"closed","template":"","meta":{"footnotes":""},"class_list":["post-33","page","type-page","status-publish","hentry"],"blocksy_meta":[],"_links":{"self":[{"href":"https:\/\/chezchris.fr\/accessibilite\/wp-json\/wp\/v2\/pages\/33","targetHints":{"allow":["GET"]}}],"collection":[{"href":"https:\/\/chezchris.fr\/accessibilite\/wp-json\/wp\/v2\/pages"}],"about":[{"href":"https:\/\/chezchris.fr\/accessibilite\/wp-json\/wp\/v2\/types\/page"}],"author":[{"embeddable":true,"href":"https:\/\/chezchris.fr\/accessibilite\/wp-json\/wp\/v2\/users\/1"}],"replies":[{"embeddable":true,"href":"https:\/\/chezchris.fr\/accessibilite\/wp-json\/wp\/v2\/comments?post=33"}],"version-history":[{"count":2,"href":"https:\/\/chezchris.fr\/accessibilite\/wp-json\/wp\/v2\/pages\/33\/revisions"}],"predecessor-version":[{"id":37,"href":"https:\/\/chezchris.fr\/accessibilite\/wp-json\/wp\/v2\/pages\/33\/revisions\/37"}],"wp:attachment":[{"href":"https:\/\/chezchris.fr\/accessibilite\/wp-json\/wp\/v2\/media?parent=33"}],"curies":[{"name":"wp","href":"https:\/\/api.w.org\/{rel}","templated":true}]}}