{"id":19,"date":"2023-11-05T10:21:46","date_gmt":"2023-11-05T09:21:46","guid":{"rendered":"https:\/\/chezchris.fr\/accessibilite\/?page_id=19"},"modified":"2023-11-06T21:39:23","modified_gmt":"2023-11-06T20:39:23","slug":"contexte-humain","status":"publish","type":"page","link":"https:\/\/chezchris.fr\/accessibilite\/contexte-humain\/","title":{"rendered":"Contexte humain"},"content":{"rendered":"\n<h2 class=\"wp-block-heading\">Les personnes handicap\u00e9es en France<\/h2>\n\n\n\n<p>L\u2019\u00e9tude Handicaps, incapacit\u00e9s, d\u00e9pendance de l\u2019Insee (publi\u00e9e en octobre 2002) r\u00e9v\u00e8le que plus d&rsquo;un quart des fran\u00e7ais souffre d&rsquo;une incapacit\u00e9, d&rsquo;une limitation d&rsquo;activit\u00e9 ou d&rsquo;un handicap.<br>La moiti\u00e9 de ces 12 millions d&rsquo;individus, correspond \u00e0 des \u00abincapacit\u00e9s isol\u00e9es et mineures\u00bb.<\/p>\n\n\n\n<ul class=\"wp-block-list\">\n<li>1,7 million de personnes souffrent d\u2019une d\u00e9ficience visuelle :<\/li>\n\n\n\n<li>560&nbsp;000 malvoyants l\u00e9gers ;<\/li>\n\n\n\n<li>932&nbsp;000 malvoyants moyens ;<\/li>\n\n\n\n<li>207&nbsp;000 malvoyants profonds, dont environ 61&nbsp;000 aveugles complets.<\/li>\n<\/ul>\n\n\n\n<p>30&nbsp;% des d\u00e9ficients visuels souffrent d\u2019un polyhandicap.<br>61&nbsp;% des d\u00e9ficients visuels sont des personnes \u00e2g\u00e9es de plus de 60&nbsp;ans.<br>15&nbsp;% des aveugles ont appris le braille, 10 % l\u2019utilisent pour la lecture et 10&nbsp;% pour l\u2019\u00e9criture \u00e9galement. L\u2019apprentissage du braille est plus rare chez les malvoyants profonds (3&nbsp;% environ) et les malvoyants moyens (1&nbsp;% environ).<\/p>\n\n\n\n<p>Une enqu\u00eate INSEE de 2007 confirme les chiffres de 2002&nbsp;: 24&nbsp;% de la population active peut \u00eatre consid\u00e9r\u00e9e comme handicap\u00e9e, dont la moiti\u00e9 souffre de pluri-handicap.<\/p>\n\n\n\n<ul class=\"wp-block-list\">\n<li>Handicap moteur&nbsp;: 2,3 millions<\/li>\n\n\n\n<li>Handicap auditif&nbsp;: 5,2 millions<\/li>\n\n\n\n<li>Handicap visuel&nbsp;: 1,7 millions<\/li>\n\n\n\n<li>Handicap intellectuel&nbsp;: 0,7 million<\/li>\n<\/ul>\n\n\n\n<p>Ces chiffres sont comparables \u00e0 ceux d&rsquo;autres pays occidentaux.<\/p>\n\n\n\n<p>Une \u00e9tude r\u00e9cente (<a href=\"https:\/\/drees.solidarites-sante.gouv.fr\/publications-communique-de-presse\/panoramas-de-la-drees\/le-handicap-en-chiffres-edition-2023\">https:\/\/drees.solidarites-sante.gouv.fr\/publications-communique-de-presse\/panoramas-de-la-drees\/le-handicap-en-chiffres-edition-2023<\/a> ) donne les chiffres suivants&nbsp;: 6,8 millions (13 %) de personnes de 15 ans ou plus vivant \u00e0 leur domicile d\u00e9clarent avoir au moins une limitation s\u00e9v\u00e8re dans une fonction physique, sensorielle ou cognitive et 3,4 millions (6 %) d\u00e9clarent \u00eatre fortement restreintes dans des activit\u00e9s habituelles, en raison d\u2019un probl\u00e8me de sant\u00e9.<\/p>\n\n\n\n<figure class=\"wp-block-image size-full\"><img loading=\"lazy\" decoding=\"async\" width=\"874\" height=\"592\" src=\"https:\/\/chezchris.fr\/accessibilite\/wp-content\/uploads\/2023\/11\/handicap-fonctionnel-france.png\" alt=\"\" class=\"wp-image-25\" srcset=\"https:\/\/chezchris.fr\/accessibilite\/wp-content\/uploads\/2023\/11\/handicap-fonctionnel-france.png 874w, https:\/\/chezchris.fr\/accessibilite\/wp-content\/uploads\/2023\/11\/handicap-fonctionnel-france-300x203.png 300w, https:\/\/chezchris.fr\/accessibilite\/wp-content\/uploads\/2023\/11\/handicap-fonctionnel-france-768x520.png 768w\" sizes=\"auto, (max-width: 874px) 100vw, 874px\" \/><\/figure>\n\n\n\n<h2 class=\"wp-block-heading\">L&rsquo;acc\u00e8s \u00e0 l&rsquo;information des personnes handicap\u00e9es<\/h2>\n\n\n\n<h3 class=\"wp-block-heading\">Les personnes concern\u00e9es par l&rsquo;accessibilit\u00e9<\/h3>\n\n\n\n<p>Pour que certaines personnes en situation de handicap puissent utiliser un ordinateur et acc\u00e9der \u00e0 l&rsquo;information d\u00e9mat\u00e9rialis\u00e9e, notamment via internet, des aides techniques existent :<\/p>\n\n\n\n<ul class=\"wp-block-list\">\n<li>Aides techniques logicielles : lecteurs d&rsquo;\u00e9cran (Jaws, Window-Eyes), synth\u00e8se vocale, logiciels d&rsquo;agrandissement (ZoomText)<\/li>\n\n\n\n<li>Aides techniques mat\u00e9rielles : souris adapt\u00e9e, clavier adapt\u00e9, trackball \/ joystick, tablettes tactiles, micro, plage Braille.<\/li>\n<\/ul>\n\n\n\n<figure class=\"wp-block-image size-full\"><img loading=\"lazy\" decoding=\"async\" width=\"125\" height=\"161\" src=\"https:\/\/chezchris.fr\/accessibilite\/wp-content\/uploads\/2023\/11\/trackball.jpg\" alt=\"\" class=\"wp-image-23\"\/><\/figure>\n\n\n\n<figure class=\"wp-block-image size-full\"><img loading=\"lazy\" decoding=\"async\" width=\"400\" height=\"300\" src=\"https:\/\/chezchris.fr\/accessibilite\/wp-content\/uploads\/2023\/11\/clavier-braille.jpg\" alt=\"\" class=\"wp-image-22\" srcset=\"https:\/\/chezchris.fr\/accessibilite\/wp-content\/uploads\/2023\/11\/clavier-braille.jpg 400w, https:\/\/chezchris.fr\/accessibilite\/wp-content\/uploads\/2023\/11\/clavier-braille-300x225.jpg 300w\" sizes=\"auto, (max-width: 400px) 100vw, 400px\" \/><\/figure>\n\n\n\n<p>Malgr\u00e9 ces aides techniques, il faut garder \u00e0 l&rsquo;esprit que pour plusieurs situations de handicap (non-voyants et mal-voyants notamment), l&rsquo;acc\u00e8s \u00e0 l&rsquo;information d&rsquo;une page web se fait de mani\u00e8re s\u00e9quentielle et sans aucune indication visuelle permettant d&rsquo;appr\u00e9cier la structuration globale de la page et l&rsquo;importance relative d&rsquo;une information par rapport \u00e0 une autre.<\/p>\n\n\n\n<figure class=\"wp-block-embed is-type-rich is-provider-prise-en-charge-des-contenus-embarques wp-block-embed-prise-en-charge-des-contenus-embarques wp-embed-aspect-16-9 wp-has-aspect-ratio\"><div class=\"wp-block-embed__wrapper\">\n<iframe loading=\"lazy\" title=\"L&#039;ordinateur des aveugles : La synth\u00e8se vocale - The blind people&#039;s computer : The screen reader\" width=\"750\" height=\"422\" src=\"https:\/\/www.youtube.com\/embed\/IoPB57JZKow?feature=oembed\" frameborder=\"0\" allow=\"accelerometer; autoplay; clipboard-write; encrypted-media; gyroscope; picture-in-picture; web-share\" allowfullscreen><\/iframe>\n<\/div><\/figure>\n\n\n\n<p>Plus globalement, il est important de comprendre que l&rsquo;accessibilit\u00e9 num\u00e9rique ne concerne pas les seuls non-voyants. Sont concern\u00e9s :<\/p>\n\n\n\n<ul class=\"wp-block-list\">\n<li>Tous les handicaps (troubles de la vision, de la motricit\u00e9, de l&rsquo;audition et troubles cognitifs).<\/li>\n\n\n\n<li>Le vieillissement, qui est l&rsquo;installation, \u00e0 la fois progressive et par \u00e0-coups, d&rsquo;un polyhandicap visuel, auditif, moteur et cognitif.<\/li>\n\n\n\n<li>La dyslexie, l&rsquo;illettrisme, la ma\u00eetrise de la langue ou de l&rsquo;orthographe.<\/li>\n\n\n\n<li>Mais aussi l&rsquo;interop\u00e9rabilit\u00e9 technique (Windows, Mac, Internet Explorer, Mozilla, t\u00e9l\u00e9phones portables\u2026).<\/li>\n<\/ul>\n\n\n\n<p>Le but est donc de rendre accessible internet \u00e0 tous les utilisateurs quel que soit leur incapacit\u00e9. Cette incapacit\u00e9 peut d&rsquo;ailleurs \u00eatre temporaire et concerner chacun d&rsquo;entre nous.<\/p>\n\n\n\n<p>Enfin, l&rsquo;accessibilit\u00e9 num\u00e9rique profite \u00e0 tous car au-del\u00e0 des diff\u00e9rents handicaps d\u00e9crits ci-dessus, toutes les personnes, internautes ou intranautes, appr\u00e9cient une pr\u00e9sentation claire et homog\u00e8ne, des proc\u00e9dures simples et intuitives, du contenu judicieusement structur\u00e9 et donc facile \u00e0 consulter. Autrement dit, tous recherchent ou appr\u00e9cient l&rsquo;ergonomie&nbsp;; l&rsquo;ergonomie web partageant beaucoup de principes et de r\u00e8gles avec l&rsquo;accessibilit\u00e9.<\/p>\n\n\n\n<h3 class=\"wp-block-heading\">Les obstacles \u00e0 l&rsquo;accessibilit\u00e9<\/h3>\n\n\n\n<p>Pour les personnes en situation de handicap visuel, les difficult\u00e9s rencontr\u00e9es sont&nbsp;:<\/p>\n\n\n\n<ul class=\"wp-block-list\">\n<li>Images et vid\u00e9o sans \u00e9quivalent textuel.<\/li>\n\n\n\n<li>Navigation exclusive \u00e0 la souris.<\/li>\n\n\n\n<li>Contrastes des couleurs insuffisants.<\/li>\n\n\n\n<li>Pas d&rsquo;information sur la structure de la page et de son contenu.<\/li>\n\n\n\n<li>Pages trop longues.<\/li>\n<\/ul>\n\n\n\n<p>Pour les personnes en situation de handicap auditif, les difficult\u00e9s rencontr\u00e9es sont&nbsp;:<\/p>\n\n\n\n<ul class=\"wp-block-list\">\n<li>son<\/li>\n\n\n\n<li>Vid\u00e9o sans sous-titres<\/li>\n\n\n\n<li>Lecteurs multim\u00e9dia qui ne permettent pas la modification du volume<\/li>\n\n\n\n<li>Pages trop longues et\/ou insuffisamment structur\u00e9es.<\/li>\n<\/ul>\n\n\n\n<p>Pour les personnes en situation de handicap moteur, les difficult\u00e9s rencontr\u00e9es sont :<\/p>\n\n\n\n<ul class=\"wp-block-list\">\n<li>Navigation exclusive \u00e0 la souris<\/li>\n\n\n\n<li>Pages trop longues et\/ou insuffisamment structur\u00e9es<\/li>\n\n\n\n<li>Contraste des couleurs insuffisant<\/li>\n\n\n\n<li>Contenu dynamique<\/li>\n<\/ul>\n\n\n\n<p>Pour les personnes en situation de handicap cognitif, les difficult\u00e9s rencontr\u00e9es sont :<\/p>\n\n\n\n<ul class=\"wp-block-list\">\n<li>Absence de navigation coh\u00e9rente ou d\u2019un moteur de recherche<\/li>\n\n\n\n<li>Pages trop longues<\/li>\n\n\n\n<li>D\u00e9filement ou animation graphique<\/li>\n\n\n\n<li>Pop up (ouverture de nouvelle fen\u00eatre)<\/li>\n\n\n\n<li>Langage et ergonomie pas assez simples<\/li>\n<\/ul>\n","protected":false},"excerpt":{"rendered":"<p>Les personnes handicap\u00e9es en France L\u2019\u00e9tude Handicaps, incapacit\u00e9s, d\u00e9pendance de l\u2019Insee (publi\u00e9e en octobre 2002) r\u00e9v\u00e8le que plus d&rsquo;un quart des fran\u00e7ais souffre d&rsquo;une incapacit\u00e9, d&rsquo;une limitation d&rsquo;activit\u00e9 ou d&rsquo;un handicap.La moiti\u00e9 de ces 12 millions d&rsquo;individus, correspond \u00e0 des \u00abincapacit\u00e9s isol\u00e9es et mineures\u00bb. 30&nbsp;% des d\u00e9ficients visuels souffrent d\u2019un polyhandicap.61&nbsp;% des d\u00e9ficients visuels sont [&hellip;]<\/p>\n","protected":false},"author":1,"featured_media":0,"parent":0,"menu_order":0,"comment_status":"closed","ping_status":"closed","template":"","meta":{"footnotes":""},"class_list":["post-19","page","type-page","status-publish","hentry"],"blocksy_meta":[],"_links":{"self":[{"href":"https:\/\/chezchris.fr\/accessibilite\/wp-json\/wp\/v2\/pages\/19","targetHints":{"allow":["GET"]}}],"collection":[{"href":"https:\/\/chezchris.fr\/accessibilite\/wp-json\/wp\/v2\/pages"}],"about":[{"href":"https:\/\/chezchris.fr\/accessibilite\/wp-json\/wp\/v2\/types\/page"}],"author":[{"embeddable":true,"href":"https:\/\/chezchris.fr\/accessibilite\/wp-json\/wp\/v2\/users\/1"}],"replies":[{"embeddable":true,"href":"https:\/\/chezchris.fr\/accessibilite\/wp-json\/wp\/v2\/comments?post=19"}],"version-history":[{"count":5,"href":"https:\/\/chezchris.fr\/accessibilite\/wp-json\/wp\/v2\/pages\/19\/revisions"}],"predecessor-version":[{"id":81,"href":"https:\/\/chezchris.fr\/accessibilite\/wp-json\/wp\/v2\/pages\/19\/revisions\/81"}],"wp:attachment":[{"href":"https:\/\/chezchris.fr\/accessibilite\/wp-json\/wp\/v2\/media?parent=19"}],"curies":[{"name":"wp","href":"https:\/\/api.w.org\/{rel}","templated":true}]}}