{"id":12,"date":"2023-11-05T08:40:59","date_gmt":"2023-11-05T07:40:59","guid":{"rendered":"https:\/\/chezchris.fr\/accessibilite\/?page_id=12"},"modified":"2023-11-06T21:41:01","modified_gmt":"2023-11-06T20:41:01","slug":"accessibilite-numerique","status":"publish","type":"page","link":"https:\/\/chezchris.fr\/accessibilite\/","title":{"rendered":"Accessibilit\u00e9 num\u00e9rique"},"content":{"rendered":"\n<p>L\u2019accessibilit\u00e9 num\u00e9rique a \u00e9t\u00e9 d\u00e9finie notamment par <a href=\"https:\/\/fr.wikipedia.org\/wiki\/Tim_Berners-Lee\">Tim Berners-Lee<\/a>&nbsp;:<\/p>\n\n\n\n<blockquote class=\"wp-block-quote is-layout-flow wp-block-quote-is-layout-flow\">\n<p>Mettre le Web et ses services \u00e0 la disposition de tous les individus, quels que soient leurs mat\u00e9riels ou logiciels, leur infrastructure r\u00e9seau, leur langue maternelle, leur  culture, leur localisation g\u00e9ographique ou leurs aptitudes physiques ou mentales.<\/p>\n<\/blockquote>\n\n\n\n<p>Ce site internet vous pr\u00e9sente les diff\u00e9rents aspects de l&rsquo;accessibilit\u00e9 num\u00e9rique :<\/p>\n\n\n\n<ul class=\"wp-block-list\">\n<li>La rubrique <a href=\"https:\/\/chezchris.fr\/accessibilite\/contexte-humain\/\">Contexte humain<\/a> vous explique les raisons pour lesquelles il est plus que souhaitable de mettre en place des normes d&rsquo;accessibilit\u00e9 num\u00e9rique.<\/li>\n\n\n\n<li>La rubrique <a href=\"https:\/\/chezchris.fr\/accessibilite\/contexte-juridique\/\">Contexte juridique<\/a> cite simplement les r\u00e9f\u00e9rences des textes de loi qui s&rsquo;imposent \u00e0 nous.<\/li>\n\n\n\n<li>La rubrique <a href=\"https:\/\/chezchris.fr\/accessibilite\/principes\/\">Principes<\/a> expose les principes qui ont \u00e9t\u00e9 mis en place au niveau mondial pour rendre l&rsquo;information sur internet accessible \u00e0 tous.<\/li>\n\n\n\n<li>La rubrique <a href=\"https:\/\/chezchris.fr\/accessibilite\/tester\/\">Tester<\/a> l\u2019accessibilit\u00e9 donne quelques liens vers des ressources web (outils et informations) et explique concr\u00e8tement, pour quelques th\u00e8mes, comment tester l&rsquo;accessibilit\u00e9 d&rsquo;une page web.<\/li>\n<\/ul>\n\n\n\n<h2 class=\"wp-block-heading\">Les gains induits par le respect des normes d&rsquo;accessibilit\u00e9<\/h2>\n\n\n\n<p>Le respect des normes d&rsquo;accessibilit\u00e9 apportent de nombreux avantages (en plus de l&rsquo;accessibilit\u00e9 recherch\u00e9e).<\/p>\n\n\n\n<h3 class=\"wp-block-heading\">Portabilit\u00e9 et interop\u00e9rabilit\u00e9<\/h3>\n\n\n\n<p>Le respect des normes d&rsquo;accessibilit\u00e9 implique le respect des standards de cr\u00e9ation de contenus et d&rsquo;interfaces web, notamment la s\u00e9paration du contenu et de la pr\u00e9sentation.<\/p>\n\n\n\n<p>A partir du milieu des ann\u00e9es 90, l&rsquo;internet a commenc\u00e9 \u00e0 s&rsquo;\u00e9tendre et gagner de nombreux utilisateurs \u00e0 travers le monde. Or les pages web s&rsquo;affichaient diff\u00e9remment, ou pas du tout, selon les mat\u00e9riels et les logiciels utilis\u00e9s par les internautes.<\/p>\n\n\n\n<p>En construisant des documents Web selon les standards du W3C , le d\u00e9veloppeur obtient la garantie que tous les navigateurs con\u00e7us selon les normes afficheront de mani\u00e8re \u00e9quivalente son travail.<\/p>\n\n\n\n<p>De plus, la portabilit\u00e9 de technologies issues de ces m\u00eames standards facilite grandement l&rsquo;\u00e9change de donn\u00e9es entre divers environnements.<\/p>\n\n\n\n<p>De plus en plus d&rsquo;internautes acc\u00e8dent au web avec des mat\u00e9riels diff\u00e9rents de ceux sur lesquels les sites internet ont \u00e9t\u00e9 con\u00e7us : t\u00e9l\u00e9phones, assistants num\u00e9riques, tablettes et demain d&rsquo;autres terminaux sans doute. Le respect des normes et standards, notamment en mati\u00e8re d&rsquo;accessibilit\u00e9, permettront une adaptation automatique ou \u00e0 moindre co\u00fbt des contenus aux interfaces.<\/p>\n\n\n\n<h3 class=\"wp-block-heading\">R\u00e9f\u00e9rencement<\/h3>\n\n\n\n<p>Les r\u00e8gles \u00e0 appliquer (RGAA) pour produire des pages web accessibles sont fr\u00e9quemment identiques \u00e0 certaines recommandations pour obtenir un bon r\u00e9f\u00e9rencement naturel.<\/p>\n\n\n\n<p>Les pages web accessibles sont mieux index\u00e9es par les moteurs de recherche.<\/p>\n\n\n\n<h3 class=\"wp-block-heading\">Ergonomie<\/h3>\n\n\n\n<p>L&rsquo;utilisation des standards du W3C, particuli\u00e8rement la s\u00e9paration contenu \/ pr\u00e9sentation, permet une r\u00e9duction importante du poids des pages Web, donc un gain en termes de rapidit\u00e9 de chargement des pages. C\u2019est aussi un avantage pour le r\u00e9f\u00e9rencement.<\/p>\n\n\n\n<p>Le respect des normes d&rsquo;accessibilit\u00e9 et des standards du W3C permet \u00e9galement une augmentation de la cible (nombre d&rsquo;internautes potentiels et satisfaction de ces derniers) et une am\u00e9lioration de l&rsquo;image de l&rsquo;entreprise ou de l&rsquo;administration qui produit le site.<\/p>\n","protected":false},"excerpt":{"rendered":"<p>L\u2019accessibilit\u00e9 num\u00e9rique a \u00e9t\u00e9 d\u00e9finie notamment par Tim Berners-Lee&nbsp;: Mettre le Web et ses services \u00e0 la disposition de tous les individus, quels que soient leurs mat\u00e9riels ou logiciels, leur infrastructure r\u00e9seau, leur langue maternelle, leur culture, leur localisation g\u00e9ographique ou leurs aptitudes physiques ou mentales. Ce site internet vous pr\u00e9sente les diff\u00e9rents aspects de [&hellip;]<\/p>\n","protected":false},"author":1,"featured_media":0,"parent":0,"menu_order":0,"comment_status":"closed","ping_status":"closed","template":"","meta":{"footnotes":""},"class_list":["post-12","page","type-page","status-publish","hentry"],"blocksy_meta":[],"_links":{"self":[{"href":"https:\/\/chezchris.fr\/accessibilite\/wp-json\/wp\/v2\/pages\/12","targetHints":{"allow":["GET"]}}],"collection":[{"href":"https:\/\/chezchris.fr\/accessibilite\/wp-json\/wp\/v2\/pages"}],"about":[{"href":"https:\/\/chezchris.fr\/accessibilite\/wp-json\/wp\/v2\/types\/page"}],"author":[{"embeddable":true,"href":"https:\/\/chezchris.fr\/accessibilite\/wp-json\/wp\/v2\/users\/1"}],"replies":[{"embeddable":true,"href":"https:\/\/chezchris.fr\/accessibilite\/wp-json\/wp\/v2\/comments?post=12"}],"version-history":[{"count":10,"href":"https:\/\/chezchris.fr\/accessibilite\/wp-json\/wp\/v2\/pages\/12\/revisions"}],"predecessor-version":[{"id":83,"href":"https:\/\/chezchris.fr\/accessibilite\/wp-json\/wp\/v2\/pages\/12\/revisions\/83"}],"wp:attachment":[{"href":"https:\/\/chezchris.fr\/accessibilite\/wp-json\/wp\/v2\/media?parent=12"}],"curies":[{"name":"wp","href":"https:\/\/api.w.org\/{rel}","templated":true}]}}